{"id":1327,"date":"2025-01-04T19:19:40","date_gmt":"2025-01-04T19:19:40","guid":{"rendered":"https:\/\/bewital-api.skeon-digital.de\/legal-notice\/"},"modified":"2025-03-30T14:14:05","modified_gmt":"2025-03-30T14:14:05","slug":"legal-notice","status":"publish","type":"page","link":"https:\/\/bewital.de\/en\/legal-notice\/","title":{"rendered":"Legal notice"},"content":{"rendered":"\t\t<div data-elementor-type=\"wp-page\" data-elementor-id=\"1327\" class=\"elementor elementor-1327 elementor-184\" data-elementor-post-type=\"page\">\n\t\t\t\t<div class=\"elementor-element elementor-element-174e607 e-flex e-con-boxed e-con e-parent\" data-id=\"174e607\" data-element_type=\"container\" data-e-type=\"container\" data-settings=\"{&quot;jet_parallax_layout_list&quot;:[]}\">\n\t\t\t\t\t<div class=\"e-con-inner\">\n\t\t\t\t<div class=\"elementor-element elementor-element-540f3cd elementor-widget elementor-widget-heading\" data-id=\"540f3cd\" data-element_type=\"widget\" data-e-type=\"widget\" data-widget_type=\"heading.default\">\n\t\t\t\t<div class=\"elementor-widget-container\">\n\t\t\t\t\t<h1 class=\"elementor-heading-title elementor-size-default\">Legal notice<\/h1>\t\t\t\t<\/div>\n\t\t\t\t<\/div>\n\t\t\t\t<div class=\"elementor-element elementor-element-3f849d3 elementor-widget elementor-widget-text-editor\" data-id=\"3f849d3\" data-element_type=\"widget\" data-e-type=\"widget\" data-widget_type=\"text-editor.default\">\n\t\t\t\t<div class=\"elementor-widget-container\">\n\t\t\t\t\t\t\t\t\t<p><strong>BEWITAL Holding GmbH &amp; Co. KG<br \/><\/strong>Industriestr. 10<br \/>D-46354 S\u00fcdlohn<\/p><p>Tel: <a href=\"tel:+4928625810\">+49 2862 581-0<\/a><br \/>Fax: +49 2862 581-36<br \/>Email: <a href=\"mailto:in**@*****al.com\" data-original-string=\"vt7grH7RTOfpK+HO\/pd1Fw==6ffczXsNE5XmAJwJbh+3C5pjboO1eJ\/c8AHYnbX\/zC1lRI=\" title=\"This contact has been encoded by Anti-Spam by CleanTalk. Click to decode. To finish the decoding make sure that JavaScript is enabled in your browser.\"><span \n                data-original-string='uBfNoKE6On8xxqO0eXeXNA==6ffB1qIU\/VEMy\/6eZZdl51+uQ=='\n                class='apbct-email-encoder'\n                title='This contact has been encoded by Anti-Spam by CleanTalk. Click to decode. To finish the decoding make sure that JavaScript is enabled in your browser.'>in<span class=\"apbct-blur\">**<\/span>@<span class=\"apbct-blur\">*****<\/span>al.de<\/span><\/a><\/p><p>Trade register HRA 2958, District Court Coesfeld<br \/>VAT ID: DE 213 794 323<\/p><p><strong>Personally liable partner:<\/strong><br \/>BEWITAL Holding Verwaltungs GmbH<br \/>Industriestr. 10<br \/>46354 S\u00fcdlohn<\/p><p>Trade register HRB 5358, District Court Coesfeld<br \/>Managing Director: Dr. J\u00fcrgen Wigger, Dipl.-Ing. J\u00fcrgen Petershagen<\/p><p><strong>Responsible for editorial content:<\/strong><br \/>Thomas Blommel<br \/>Tel: <a href=\"tel:+49286258118\">+49 2862 581 &#8211; 18<\/a><br \/>Fax: +49 2862 581 &#8211; 99 18<br \/>Email: <a href=\"mailto:t.*******@*****al.de\" data-original-string=\"j1FG5TlpeYN3ABTvQJbisg==6ff9\/G2fllwTcwliUuVUDrX3tvy6jxcD4AldGJ7IMKQ0xE=\" title=\"This contact has been encoded by Anti-Spam by CleanTalk. Click to decode. To finish the decoding make sure that JavaScript is enabled in your browser.\"><span \n                data-original-string='RCcRGxKeBD5Vhic8LD5UyQ==6ffkngyK0u9ByNjOsL1RJ3wwt+z26QG9jJne5SLV5u5u\/o='\n                class='apbct-email-encoder'\n                title='This contact has been encoded by Anti-Spam by CleanTalk. Click to decode. To finish the decoding make sure that JavaScript is enabled in your browser.'>t.<span class=\"apbct-blur\">*******<\/span>@<span class=\"apbct-blur\">*****<\/span>al.de<\/span><\/a><\/p>\t\t\t\t\t\t\t\t<\/div>\n\t\t\t\t<\/div>\n\t\t\t\t\t<\/div>\n\t\t\t\t<\/div>\n\t\t\t\t<\/div>\n\t\t","protected":false},"excerpt":{"rendered":"<p>Legal notice BEWITAL Holding GmbH &amp; Co. KGIndustriestr. 10D-46354 S\u00fcdlohn Tel: +49 2862 581-0Fax: +49 2862 581-36Email: in**@*****al.de Trade register HRA 2958, District Court CoesfeldVAT ID: DE 213 794 323 Personally liable partner:BEWITAL Holding Verwaltungs GmbHIndustriestr. 1046354 S\u00fcdlohn Trade register HRB 5358, District Court CoesfeldManaging Director: Dr. J\u00fcrgen Wigger, Dipl.-Ing. J\u00fcrgen Petershagen Responsible for editorial [&hellip;]<\/p>\n","protected":false},"author":1,"featured_media":0,"parent":0,"menu_order":0,"comment_status":"closed","ping_status":"closed","template":"","meta":{"inline_featured_image":false,"footnotes":""},"class_list":["post-1327","page","type-page","status-publish","hentry"],"publishpress_future_action":{"enabled":false,"date":"2026-04-24 11:52:44","action":"change-status","newStatus":"draft","terms":[],"taxonomy":"translation_priority","extraData":[]},"publishpress_future_workflow_manual_trigger":{"enabledWorkflows":[]},"_links":{"self":[{"href":"https:\/\/bewital.de\/en\/wp-json\/wp\/v2\/pages\/1327","targetHints":{"allow":["GET"]}}],"collection":[{"href":"https:\/\/bewital.de\/en\/wp-json\/wp\/v2\/pages"}],"about":[{"href":"https:\/\/bewital.de\/en\/wp-json\/wp\/v2\/types\/page"}],"author":[{"embeddable":true,"href":"https:\/\/bewital.de\/en\/wp-json\/wp\/v2\/users\/1"}],"replies":[{"embeddable":true,"href":"https:\/\/bewital.de\/en\/wp-json\/wp\/v2\/comments?post=1327"}],"version-history":[{"count":4,"href":"https:\/\/bewital.de\/en\/wp-json\/wp\/v2\/pages\/1327\/revisions"}],"predecessor-version":[{"id":1756,"href":"https:\/\/bewital.de\/en\/wp-json\/wp\/v2\/pages\/1327\/revisions\/1756"}],"wp:attachment":[{"href":"https:\/\/bewital.de\/en\/wp-json\/wp\/v2\/media?parent=1327"}],"curies":[{"name":"wp","href":"https:\/\/api.w.org\/{rel}","templated":true}]}}